{"id":8279,"date":"2022-09-29T12:30:43","date_gmt":"2022-09-29T10:30:43","guid":{"rendered":"http:\/\/www.permyo.com\/?page_id=8279"},"modified":"2025-01-16T14:33:49","modified_gmt":"2025-01-16T13:33:49","slug":"contactez-nous-2","status":"publish","type":"page","link":"https:\/\/www.permyo.com\/dz\/contactez-nous-2\/","title":{"rendered":"Contact"},"content":{"rendered":"\t\t<div data-elementor-type=\"wp-post\" data-elementor-id=\"8279\" class=\"elementor elementor-8279\">\n\t\t\t\t\t\t<div class=\"elementor-inner\">\n\t\t\t\t<div class=\"elementor-section-wrap\">\n\t\t\t\t\t\t\t\t\t<section class=\"elementor-section elementor-top-section elementor-element elementor-element-453b00f2 elementor-section-stretched elementor-section-full_width elementor-section-height-default elementor-section-height-default\" data-id=\"453b00f2\" data-element_type=\"section\" data-settings=\"{&quot;stretch_section&quot;:&quot;section-stretched&quot;}\">\n\t\t\t\t\t\t<div class=\"elementor-container elementor-column-gap-default\">\n\t\t\t\t\t\t\t<div class=\"elementor-row\">\n\t\t\t\t\t<div class=\"elementor-column elementor-col-100 elementor-top-column elementor-element elementor-element-6617041\" data-id=\"6617041\" data-element_type=\"column\" data-settings=\"{&quot;background_background&quot;:&quot;classic&quot;}\">\n\t\t\t<div class=\"elementor-column-wrap elementor-element-populated\">\n\t\t\t\t\t\t\t<div class=\"elementor-widget-wrap\">\n\t\t\t\t\t\t<section class=\"elementor-section elementor-inner-section elementor-element elementor-element-fd32bef elementor-section-boxed elementor-section-height-default elementor-section-height-default\" data-id=\"fd32bef\" data-element_type=\"section\">\n\t\t\t\t\t\t<div class=\"elementor-container elementor-column-gap-default\">\n\t\t\t\t\t\t\t<div class=\"elementor-row\">\n\t\t\t\t\t<div class=\"elementor-column elementor-col-100 elementor-inner-column elementor-element elementor-element-2d18256\" data-id=\"2d18256\" data-element_type=\"column\">\n\t\t\t<div class=\"elementor-column-wrap elementor-element-populated\">\n\t\t\t\t\t\t\t<div class=\"elementor-widget-wrap\">\n\t\t\t\t\t\t<div class=\"elementor-element elementor-element-5a7f131 animated-fast elementor-invisible elementor-widget elementor-widget-heading\" data-id=\"5a7f131\" data-element_type=\"widget\" data-settings=\"{&quot;_animation&quot;:&quot;fadeInUp&quot;,&quot;_animation_delay&quot;:200}\" data-widget_type=\"heading.default\">\n\t\t\t\t<div class=\"elementor-widget-container\">\n\t\t\t<h2 class=\"elementor-heading-title elementor-size-default\">Nous contacter\n<\/h2>\t\t<\/div>\n\t\t\t\t<\/div>\n\t\t\t\t<div class=\"elementor-element elementor-element-4cff2a7 animated-fast elementor-invisible elementor-widget elementor-widget-heading\" data-id=\"4cff2a7\" data-element_type=\"widget\" data-settings=\"{&quot;_animation&quot;:&quot;fadeInUp&quot;,&quot;_animation_delay&quot;:300}\" data-widget_type=\"heading.default\">\n\t\t\t\t<div class=\"elementor-widget-container\">\n\t\t\t<p class=\"elementor-heading-title elementor-size-default\">\n<\/p>\t\t<\/div>\n\t\t\t\t<\/div>\n\t\t\t\t\t\t<\/div>\n\t\t\t\t\t<\/div>\n\t\t<\/div>\n\t\t\t\t\t\t\t\t<\/div>\n\t\t\t\t\t<\/div>\n\t\t<\/section>\n\t\t\t\t\t\t<\/div>\n\t\t\t\t\t<\/div>\n\t\t<\/div>\n\t\t\t\t\t\t\t\t<\/div>\n\t\t\t\t\t<\/div>\n\t\t<\/section>\n\t\t\t\t<section class=\"elementor-section elementor-top-section elementor-element elementor-element-4aa56a1d elementor-section-boxed elementor-section-height-default elementor-section-height-default\" data-id=\"4aa56a1d\" data-element_type=\"section\" data-settings=\"{&quot;background_background&quot;:&quot;classic&quot;}\">\n\t\t\t\t\t\t<div class=\"elementor-container elementor-column-gap-default\">\n\t\t\t\t\t\t\t<div class=\"elementor-row\">\n\t\t\t\t\t<div class=\"elementor-column elementor-col-50 elementor-top-column elementor-element elementor-element-6fc52502\" data-id=\"6fc52502\" data-element_type=\"column\">\n\t\t\t<div class=\"elementor-column-wrap elementor-element-populated\">\n\t\t\t\t\t\t\t<div class=\"elementor-widget-wrap\">\n\t\t\t\t\t\t<section class=\"elementor-section elementor-inner-section elementor-element elementor-element-11e63a77 elementor-section-boxed elementor-section-height-default elementor-section-height-default\" data-id=\"11e63a77\" data-element_type=\"section\">\n\t\t\t\t\t\t<div class=\"elementor-container elementor-column-gap-default\">\n\t\t\t\t\t\t\t<div class=\"elementor-row\">\n\t\t\t\t\t<div class=\"elementor-column elementor-col-100 elementor-inner-column elementor-element elementor-element-59bb4617\" data-id=\"59bb4617\" data-element_type=\"column\">\n\t\t\t<div class=\"elementor-column-wrap elementor-element-populated\">\n\t\t\t\t\t\t\t<div class=\"elementor-widget-wrap\">\n\t\t\t\t\t\t<div class=\"elementor-element elementor-element-18e4f032 elementor-widget elementor-widget-heading\" data-id=\"18e4f032\" data-element_type=\"widget\" data-widget_type=\"heading.default\">\n\t\t\t\t<div class=\"elementor-widget-container\">\n\t\t\t<h2 class=\"elementor-heading-title elementor-size-default\">Nos adresses<\/h2>\t\t<\/div>\n\t\t\t\t<\/div>\n\t\t\t\t<div class=\"elementor-element elementor-element-30cd3623 elementor-widget elementor-widget-heading\" data-id=\"30cd3623\" data-element_type=\"widget\" data-widget_type=\"heading.default\">\n\t\t\t\t<div class=\"elementor-widget-container\">\n\t\t\t<p class=\"elementor-heading-title elementor-size-default\">Int\u00e9ress\u00e9 par l'un de nos produits ? Parlez \u00e0 nos experts d\u00e8s aujourd'hui.\n\n<\/p>\t\t<\/div>\n\t\t\t\t<\/div>\n\t\t\t\t\t\t<\/div>\n\t\t\t\t\t<\/div>\n\t\t<\/div>\n\t\t\t\t\t\t\t\t<\/div>\n\t\t\t\t\t<\/div>\n\t\t<\/section>\n\t\t\t\t<section class=\"elementor-section elementor-inner-section elementor-element elementor-element-ae34a0b elementor-section-boxed elementor-section-height-default elementor-section-height-default\" data-id=\"ae34a0b\" data-element_type=\"section\">\n\t\t\t\t\t\t<div class=\"elementor-container elementor-column-gap-default\">\n\t\t\t\t\t\t\t<div class=\"elementor-row\">\n\t\t\t\t\t<div class=\"elementor-column elementor-col-66 elementor-inner-column elementor-element elementor-element-d415167\" data-id=\"d415167\" data-element_type=\"column\">\n\t\t\t<div class=\"elementor-column-wrap elementor-element-populated\">\n\t\t\t\t\t\t\t<div class=\"elementor-widget-wrap\">\n\t\t\t\t\t\t<div class=\"elementor-element elementor-element-4b732b7 elementor-widget elementor-widget-text-editor\" data-id=\"4b732b7\" data-element_type=\"widget\" data-widget_type=\"text-editor.default\">\n\t\t\t\t<div class=\"elementor-widget-container\">\n\t\t\t\t\t\t\t\t<div class=\"elementor-text-editor elementor-clearfix\">\n\t\t\t\t<p><strong>France:<\/strong><\/p><p>10 Rue de Penthievre 75008 Paris 8 &#8211; France<\/p>\t\t\t\t\t<\/div>\n\t\t\t\t\t\t<\/div>\n\t\t\t\t<\/div>\n\t\t\t\t<div class=\"elementor-element elementor-element-50a10c2 elementor-widget elementor-widget-text-editor\" data-id=\"50a10c2\" data-element_type=\"widget\" data-widget_type=\"text-editor.default\">\n\t\t\t\t<div class=\"elementor-widget-container\">\n\t\t\t\t\t\t\t\t<div class=\"elementor-text-editor elementor-clearfix\">\n\t\t\t\t<p><strong>T\u00e9l\u00e9phone : <a href=\"https:\/\/wa.me\/33605823739\" target=\"_blank\" rel=\"noopener noreferrer\">+33 6 05 82 37 39<\/a><\/strong><\/p>\t\t\t\t\t<\/div>\n\t\t\t\t\t\t<\/div>\n\t\t\t\t<\/div>\n\t\t\t\t<div class=\"elementor-element elementor-element-753f318 elementor-widget elementor-widget-text-editor\" data-id=\"753f318\" data-element_type=\"widget\" data-widget_type=\"text-editor.default\">\n\t\t\t\t<div class=\"elementor-widget-container\">\n\t\t\t\t\t\t\t\t<div class=\"elementor-text-editor elementor-clearfix\">\n\t\t\t\t<p><strong>Email :<\/strong> Info@permyo.com<\/p>\t\t\t\t\t<\/div>\n\t\t\t\t\t\t<\/div>\n\t\t\t\t<\/div>\n\t\t\t\t<div class=\"elementor-element elementor-element-1ba33e6 elementor-widget elementor-widget-text-editor\" data-id=\"1ba33e6\" data-element_type=\"widget\" data-widget_type=\"text-editor.default\">\n\t\t\t\t<div class=\"elementor-widget-container\">\n\t\t\t\t\t\t\t\t<div class=\"elementor-text-editor elementor-clearfix\">\n\t\t\t\t<p><strong>Alg\u00e9rie :<\/strong><br \/>Rue G N\u00b0 1 Cit\u00e9 Naimi Centre\u00a0<span style=\"letter-spacing: 0px;\">ZABANA BLIDA<\/span><\/p>\t\t\t\t\t<\/div>\n\t\t\t\t\t\t<\/div>\n\t\t\t\t<\/div>\n\t\t\t\t<div class=\"elementor-element elementor-element-5af3bb3 elementor-widget elementor-widget-text-editor\" data-id=\"5af3bb3\" data-element_type=\"widget\" data-widget_type=\"text-editor.default\">\n\t\t\t\t<div class=\"elementor-widget-container\">\n\t\t\t\t\t\t\t\t<div class=\"elementor-text-editor elementor-clearfix\">\n\t\t\t\t<p><strong>Mobile :\u00a0<\/strong> +213\u00a0555 62 71 61<\/p><p><strong>T\u00e9l\u00e9phone : <\/strong>025 23 80 01 \/ 10<\/p>\t\t\t\t\t<\/div>\n\t\t\t\t\t\t<\/div>\n\t\t\t\t<\/div>\n\t\t\t\t<div class=\"elementor-element elementor-element-e5ae31d elementor-widget elementor-widget-text-editor\" data-id=\"e5ae31d\" data-element_type=\"widget\" data-widget_type=\"text-editor.default\">\n\t\t\t\t<div class=\"elementor-widget-container\">\n\t\t\t\t\t\t\t\t<div class=\"elementor-text-editor elementor-clearfix\">\n\t\t\t\t<p><strong>Tunisie :<\/strong><br \/>08,Mohamed Badra Montplaisir,<span style=\"letter-spacing: 0px;\">1073 Tunis<\/span><\/p><div>T\u00e9l\u00e9phone :<\/div><div><a href=\"https:\/\/novoreka.com\/#\">+216 50 729 908<\/a><\/div><div><a href=\"https:\/\/novoreka.com\/#\">+216\u00a050 729 106<\/a><\/div><div><a href=\"https:\/\/novoreka.com\/#\">+216\u00a050 729 190<\/a><\/div><div><a href=\"https:\/\/novoreka.com\/#\">+216\u00a071 906 039<\/a><\/div>\t\t\t\t\t<\/div>\n\t\t\t\t\t\t<\/div>\n\t\t\t\t<\/div>\n\t\t\t\t<div class=\"elementor-element elementor-element-41e122c elementor-widget elementor-widget-text-editor\" data-id=\"41e122c\" data-element_type=\"widget\" data-widget_type=\"text-editor.default\">\n\t\t\t\t<div class=\"elementor-widget-container\">\n\t\t\t\t\t\t\t\t<div class=\"elementor-text-editor elementor-clearfix\">\n\t\t\t\t<p><strong>Maroc:<\/strong><\/p><div class=\"wpb_text_column wpb_content_element  vc_custom_1692290365753\"><div class=\"wpb_wrapper\"><p>Rue Ait Ba Amrane, R\u00e9sidence les champs de Mohamed V, N\u00b0704 ImmB 7\u00e8me Etg Casablanca<\/p><\/div><\/div><div>T\u00e9l\u00e9phone :\u00a0<a href=\"https:\/\/wa.me\/+212664099003\" target=\"_blank\" rel=\"noopener\">+212 664 099 003<\/a><\/div>\t\t\t\t\t<\/div>\n\t\t\t\t\t\t<\/div>\n\t\t\t\t<\/div>\n\t\t\t\t\t\t<\/div>\n\t\t\t\t\t<\/div>\n\t\t<\/div>\n\t\t\t\t<div class=\"elementor-column elementor-col-33 elementor-inner-column elementor-element elementor-element-e72d944\" data-id=\"e72d944\" data-element_type=\"column\">\n\t\t\t<div class=\"elementor-column-wrap\">\n\t\t\t\t\t\t\t<div class=\"elementor-widget-wrap\">\n\t\t\t\t\t\t\t\t<\/div>\n\t\t\t\t\t<\/div>\n\t\t<\/div>\n\t\t\t\t\t\t\t\t<\/div>\n\t\t\t\t\t<\/div>\n\t\t<\/section>\n\t\t\t\t\t\t<\/div>\n\t\t\t\t\t<\/div>\n\t\t<\/div>\n\t\t\t\t<div class=\"elementor-column elementor-col-50 elementor-top-column elementor-element elementor-element-920247a\" data-id=\"920247a\" data-element_type=\"column\">\n\t\t\t<div class=\"elementor-column-wrap elementor-element-populated\">\n\t\t\t\t\t\t\t<div class=\"elementor-widget-wrap\">\n\t\t\t\t\t\t<section class=\"elementor-section elementor-inner-section elementor-element elementor-element-3f69828 elementor-section-boxed elementor-section-height-default elementor-section-height-default\" data-id=\"3f69828\" data-element_type=\"section\">\n\t\t\t\t\t\t<div class=\"elementor-container elementor-column-gap-default\">\n\t\t\t\t\t\t\t<div class=\"elementor-row\">\n\t\t\t\t\t<div class=\"elementor-column elementor-col-100 elementor-inner-column elementor-element elementor-element-631edf7\" data-id=\"631edf7\" data-element_type=\"column\">\n\t\t\t<div class=\"elementor-column-wrap elementor-element-populated\">\n\t\t\t\t\t\t\t<div class=\"elementor-widget-wrap\">\n\t\t\t\t\t\t<div class=\"elementor-element elementor-element-7a5f48f elementor-widget elementor-widget-heading\" data-id=\"7a5f48f\" data-element_type=\"widget\" data-widget_type=\"heading.default\">\n\t\t\t\t<div class=\"elementor-widget-container\">\n\t\t\t<h2 class=\"elementor-heading-title elementor-size-default\">Laisser nous un message\n<\/h2>\t\t<\/div>\n\t\t\t\t<\/div>\n\t\t\t\t<div class=\"elementor-element elementor-element-65e11c5 elementor-widget elementor-widget-html\" data-id=\"65e11c5\" data-element_type=\"widget\" data-widget_type=\"html.default\">\n\t\t\t\t<div class=\"elementor-widget-container\">\n\t\t\t<iframe loading=\"lazy\" width=\"600\" height=\"850\" src=\"https:\/\/novoreka.facturation.online\/forms\/wtl\/9ca90769f374bcb788d8b64ce3de9579\" frameborder=\"0\" allowfullscreen><\/iframe>\t\t<\/div>\n\t\t\t\t<\/div>\n\t\t\t\t\t\t<\/div>\n\t\t\t\t\t<\/div>\n\t\t<\/div>\n\t\t\t\t\t\t\t\t<\/div>\n\t\t\t\t\t<\/div>\n\t\t<\/section>\n\t\t\t\t\t\t<\/div>\n\t\t\t\t\t<\/div>\n\t\t<\/div>\n\t\t\t\t\t\t\t\t<\/div>\n\t\t\t\t\t<\/div>\n\t\t<\/section>\n\t\t\t\t<section class=\"elementor-section elementor-top-section elementor-element elementor-element-a04f895 elementor-section-boxed elementor-section-height-default elementor-section-height-default\" data-id=\"a04f895\" data-element_type=\"section\">\n\t\t\t\t\t\t<div class=\"elementor-container elementor-column-gap-default\">\n\t\t\t\t\t\t\t<div class=\"elementor-row\">\n\t\t\t\t\t<div class=\"elementor-column elementor-col-100 elementor-top-column elementor-element elementor-element-a3656f4\" data-id=\"a3656f4\" data-element_type=\"column\">\n\t\t\t<div class=\"elementor-column-wrap elementor-element-populated\">\n\t\t\t\t\t\t\t<div class=\"elementor-widget-wrap\">\n\t\t\t\t\t\t<section class=\"elementor-section elementor-inner-section elementor-element elementor-element-232f004 elementor-section-boxed elementor-section-height-default elementor-section-height-default\" data-id=\"232f004\" data-element_type=\"section\">\n\t\t\t\t\t\t<div class=\"elementor-container elementor-column-gap-default\">\n\t\t\t\t\t\t\t<div class=\"elementor-row\">\n\t\t\t\t\t<div class=\"elementor-column elementor-col-50 elementor-inner-column elementor-element elementor-element-3581376\" data-id=\"3581376\" data-element_type=\"column\" data-settings=\"{&quot;background_background&quot;:&quot;classic&quot;}\">\n\t\t\t<div class=\"elementor-column-wrap elementor-element-populated\">\n\t\t\t\t\t\t\t<div class=\"elementor-widget-wrap\">\n\t\t\t\t\t\t<div class=\"elementor-element elementor-element-a95d191 elementor-position-top elementor-vertical-align-top elementor-widget elementor-widget-image-box\" data-id=\"a95d191\" data-element_type=\"widget\" data-widget_type=\"image-box.default\">\n\t\t\t\t<div class=\"elementor-widget-container\">\n\t\t\t<div class=\"elementor-image-box-wrapper\"><figure class=\"elementor-image-box-img\"><img width=\"58\" height=\"59\" src=\"https:\/\/www.permyo.com\/dz\/wp-content\/uploads\/2019\/07\/contact-page-icon-1.png\" class=\"attachment-full size-full\" alt=\"\" loading=\"lazy\" \/><\/figure><div class=\"elementor-image-box-content\"><h3 class=\"elementor-image-box-title\">Demandes d'assistance<\/h3><p class=\"elementor-image-box-description\">Vous utilisez l'un de nos produits et avez besoin d'aide ? Contactez le support client\n\n<\/p><\/div><\/div>\t\t<\/div>\n\t\t\t\t<\/div>\n\t\t\t\t<div class=\"elementor-element elementor-element-4f25efb elementor-widget elementor-widget-heading\" data-id=\"4f25efb\" data-element_type=\"widget\" data-widget_type=\"heading.default\">\n\t\t\t\t<div class=\"elementor-widget-container\">\n\t\t\t<p class=\"elementor-heading-title elementor-size-default\"><a href=\"https:\/\/permyo.freshdesk.com\/support\/tickets\/new\">Obtenir de l'aide<\/a><\/p>\t\t<\/div>\n\t\t\t\t<\/div>\n\t\t\t\t\t\t<\/div>\n\t\t\t\t\t<\/div>\n\t\t<\/div>\n\t\t\t\t<div class=\"elementor-column elementor-col-50 elementor-inner-column elementor-element elementor-element-938da90\" data-id=\"938da90\" data-element_type=\"column\" data-settings=\"{&quot;background_background&quot;:&quot;classic&quot;}\">\n\t\t\t<div class=\"elementor-column-wrap elementor-element-populated\">\n\t\t\t\t\t\t\t<div class=\"elementor-widget-wrap\">\n\t\t\t\t\t\t<div class=\"elementor-element elementor-element-cde0a56 elementor-position-top elementor-vertical-align-top elementor-widget elementor-widget-image-box\" data-id=\"cde0a56\" data-element_type=\"widget\" data-widget_type=\"image-box.default\">\n\t\t\t\t<div class=\"elementor-widget-container\">\n\t\t\t<div class=\"elementor-image-box-wrapper\"><figure class=\"elementor-image-box-img\"><img width=\"46\" height=\"57\" src=\"https:\/\/www.permyo.com\/dz\/wp-content\/uploads\/2019\/07\/contact-page-icon-2.png\" class=\"attachment-full size-full\" alt=\"\" loading=\"lazy\" \/><\/figure><div class=\"elementor-image-box-content\"><h3 class=\"elementor-image-box-title\">Base de connaissances<\/h3><p class=\"elementor-image-box-description\">Vous utilisez l'un de nos produits et avez besoin d'aide ? Contactez le support client\n\n<\/p><\/div><\/div>\t\t<\/div>\n\t\t\t\t<\/div>\n\t\t\t\t<div class=\"elementor-element elementor-element-4560443 elementor-widget elementor-widget-heading\" data-id=\"4560443\" data-element_type=\"widget\" data-widget_type=\"heading.default\">\n\t\t\t\t<div class=\"elementor-widget-container\">\n\t\t\t<p class=\"elementor-heading-title elementor-size-default\"><a href=\"https:\/\/permyo.freshdesk.com\/\">Acc\u00e9der \u00e0 la base de connaissances<\/a><\/p>\t\t<\/div>\n\t\t\t\t<\/div>\n\t\t\t\t\t\t<\/div>\n\t\t\t\t\t<\/div>\n\t\t<\/div>\n\t\t\t\t\t\t\t\t<\/div>\n\t\t\t\t\t<\/div>\n\t\t<\/section>\n\t\t\t\t\t\t<\/div>\n\t\t\t\t\t<\/div>\n\t\t<\/div>\n\t\t\t\t\t\t\t\t<\/div>\n\t\t\t\t\t<\/div>\n\t\t<\/section>\n\t\t\t\t\t\t\t\t\t<\/div>\n\t\t\t<\/div>\n\t\t\t\t\t<\/div>\n\t\t","protected":false},"excerpt":{"rendered":"<p>Nous contacter Nos adresses Int\u00e9ress\u00e9 par l&rsquo;un de nos produits ? Parlez \u00e0 nos experts d\u00e8s aujourd&rsquo;hui. France: 10 Rue de Penthievre 75008 Paris 8 &#8211; France T\u00e9l\u00e9phone : +33 6 05 82 37 39 Email : Info@permyo.com Alg\u00e9rie :Rue G N\u00b0 1 Cit\u00e9 Naimi Centre\u00a0ZABANA BLIDA Mobile :\u00a0 +213\u00a0555 62 71 61 T\u00e9l\u00e9phone : [&hellip;]<\/p>\n","protected":false},"author":1,"featured_media":0,"parent":0,"menu_order":0,"comment_status":"closed","ping_status":"closed","template":"elementor_header_footer","meta":{"content-type":"","_eb_attr":"","two_page_speed":[]},"_links":{"self":[{"href":"https:\/\/www.permyo.com\/dz\/wp-json\/wp\/v2\/pages\/8279"}],"collection":[{"href":"https:\/\/www.permyo.com\/dz\/wp-json\/wp\/v2\/pages"}],"about":[{"href":"https:\/\/www.permyo.com\/dz\/wp-json\/wp\/v2\/types\/page"}],"author":[{"embeddable":true,"href":"https:\/\/www.permyo.com\/dz\/wp-json\/wp\/v2\/users\/1"}],"replies":[{"embeddable":true,"href":"https:\/\/www.permyo.com\/dz\/wp-json\/wp\/v2\/comments?post=8279"}],"version-history":[{"count":51,"href":"https:\/\/www.permyo.com\/dz\/wp-json\/wp\/v2\/pages\/8279\/revisions"}],"predecessor-version":[{"id":9247,"href":"https:\/\/www.permyo.com\/dz\/wp-json\/wp\/v2\/pages\/8279\/revisions\/9247"}],"wp:attachment":[{"href":"https:\/\/www.permyo.com\/dz\/wp-json\/wp\/v2\/media?parent=8279"}],"curies":[{"name":"wp","href":"https:\/\/api.w.org\/{rel}","templated":true}]}}