{"id":1911,"date":"2019-07-16T09:01:19","date_gmt":"2019-07-16T09:01:19","guid":{"rendered":"http:\/\/www.permyo.com\/?page_id=1911"},"modified":"2022-12-29T11:20:27","modified_gmt":"2022-12-29T10:20:27","slug":"pricing","status":"publish","type":"page","link":"https:\/\/www.permyo.com\/dz\/pricing\/","title":{"rendered":"Price\ufffc"},"content":{"rendered":"\t\t<div data-elementor-type=\"wp-post\" data-elementor-id=\"1911\" class=\"elementor elementor-1911\">\n\t\t\t\t\t\t<div class=\"elementor-inner\">\n\t\t\t\t<div class=\"elementor-section-wrap\">\n\t\t\t\t\t\t\t\t\t<section class=\"elementor-section elementor-top-section elementor-element elementor-element-3da9e87d elementor-section-stretched elementor-section-full_width elementor-section-height-default elementor-section-height-default\" data-id=\"3da9e87d\" data-element_type=\"section\" data-settings=\"{&quot;stretch_section&quot;:&quot;section-stretched&quot;}\">\n\t\t\t\t\t\t<div class=\"elementor-container elementor-column-gap-default\">\n\t\t\t\t\t\t\t<div class=\"elementor-row\">\n\t\t\t\t\t<div class=\"elementor-column elementor-col-100 elementor-top-column elementor-element elementor-element-1971f36\" data-id=\"1971f36\" data-element_type=\"column\" data-settings=\"{&quot;background_background&quot;:&quot;classic&quot;}\">\n\t\t\t<div class=\"elementor-column-wrap elementor-element-populated\">\n\t\t\t\t\t\t\t<div class=\"elementor-widget-wrap\">\n\t\t\t\t\t\t<section class=\"elementor-section elementor-inner-section elementor-element elementor-element-9b616b8 elementor-section-boxed elementor-section-height-default elementor-section-height-default\" data-id=\"9b616b8\" data-element_type=\"section\">\n\t\t\t\t\t\t<div class=\"elementor-container elementor-column-gap-default\">\n\t\t\t\t\t\t\t<div class=\"elementor-row\">\n\t\t\t\t\t<div class=\"elementor-column elementor-col-100 elementor-inner-column elementor-element elementor-element-d477f2a\" data-id=\"d477f2a\" data-element_type=\"column\">\n\t\t\t<div class=\"elementor-column-wrap elementor-element-populated\">\n\t\t\t\t\t\t\t<div class=\"elementor-widget-wrap\">\n\t\t\t\t\t\t<div class=\"elementor-element elementor-element-fdf11b6 animated-fast elementor-invisible elementor-widget elementor-widget-heading\" data-id=\"fdf11b6\" data-element_type=\"widget\" data-settings=\"{&quot;_animation&quot;:&quot;fadeInUp&quot;,&quot;_animation_delay&quot;:200}\" data-widget_type=\"heading.default\">\n\t\t\t\t<div class=\"elementor-widget-container\">\n\t\t\t<h2 class=\"elementor-heading-title elementor-size-default\">Tarifs<\/h2>\t\t<\/div>\n\t\t\t\t<\/div>\n\t\t\t\t<div class=\"elementor-element elementor-element-ec6a1d8 animated-fast elementor-invisible elementor-widget elementor-widget-heading\" data-id=\"ec6a1d8\" data-element_type=\"widget\" data-settings=\"{&quot;_animation&quot;:&quot;fadeInUp&quot;,&quot;_animation_delay&quot;:300}\" data-widget_type=\"heading.default\">\n\t\t\t\t<div class=\"elementor-widget-container\">\n\t\t\t<p class=\"elementor-heading-title elementor-size-default\">R\u00e9volutionnez votre quotidien de gestion en basculant votre activit\u00e9 sur le web.\n<\/p>\t\t<\/div>\n\t\t\t\t<\/div>\n\t\t\t\t\t\t<\/div>\n\t\t\t\t\t<\/div>\n\t\t<\/div>\n\t\t\t\t\t\t\t\t<\/div>\n\t\t\t\t\t<\/div>\n\t\t<\/section>\n\t\t\t\t\t\t<\/div>\n\t\t\t\t\t<\/div>\n\t\t<\/div>\n\t\t\t\t\t\t\t\t<\/div>\n\t\t\t\t\t<\/div>\n\t\t<\/section>\n\t\t\t\t<section class=\"elementor-section elementor-top-section elementor-element elementor-element-0cd1e4c elementor-section-stretched elementor-section-boxed elementor-section-height-default elementor-section-height-default\" data-id=\"0cd1e4c\" data-element_type=\"section\" data-settings=\"{&quot;stretch_section&quot;:&quot;section-stretched&quot;}\">\n\t\t\t\t\t\t<div class=\"elementor-container elementor-column-gap-default\">\n\t\t\t\t\t\t\t<div class=\"elementor-row\">\n\t\t\t\t\t<div class=\"elementor-column elementor-col-100 elementor-top-column elementor-element elementor-element-1a1f7d3\" data-id=\"1a1f7d3\" data-element_type=\"column\">\n\t\t\t<div class=\"elementor-column-wrap elementor-element-populated\">\n\t\t\t\t\t\t\t<div class=\"elementor-widget-wrap\">\n\t\t\t\t\t\t<section class=\"elementor-section elementor-inner-section elementor-element elementor-element-6a377ef elementor-section-boxed elementor-section-height-default elementor-section-height-default\" data-id=\"6a377ef\" data-element_type=\"section\">\n\t\t\t\t\t\t<div class=\"elementor-container elementor-column-gap-default\">\n\t\t\t\t\t\t\t<div class=\"elementor-row\">\n\t\t\t\t\t<div class=\"elementor-column elementor-col-100 elementor-inner-column elementor-element elementor-element-8969cbf\" data-id=\"8969cbf\" data-element_type=\"column\">\n\t\t\t<div class=\"elementor-column-wrap elementor-element-populated\">\n\t\t\t\t\t\t\t<div class=\"elementor-widget-wrap\">\n\t\t\t\t\t\t<div class=\"elementor-element elementor-element-f930c03 animated-fast elementor-invisible elementor-widget elementor-widget-heading\" data-id=\"f930c03\" data-element_type=\"widget\" data-settings=\"{&quot;_animation&quot;:&quot;fadeInUp&quot;,&quot;_animation_delay&quot;:200}\" data-widget_type=\"heading.default\">\n\t\t\t\t<div class=\"elementor-widget-container\">\n\t\t\t<h2 class=\"elementor-heading-title elementor-size-default\">Un plan qui correspond le mieux \u00e0 vos besoins<\/h2>\t\t<\/div>\n\t\t\t\t<\/div>\n\t\t\t\t\t\t<\/div>\n\t\t\t\t\t<\/div>\n\t\t<\/div>\n\t\t\t\t\t\t\t\t<\/div>\n\t\t\t\t\t<\/div>\n\t\t<\/section>\n\t\t\t\t\t\t<\/div>\n\t\t\t\t\t<\/div>\n\t\t<\/div>\n\t\t\t\t\t\t\t\t<\/div>\n\t\t\t\t\t<\/div>\n\t\t<\/section>\n\t\t\t\t<section class=\"elementor-section elementor-top-section elementor-element elementor-element-ac729b2 elementor-section-boxed elementor-section-height-default elementor-section-height-default\" data-id=\"ac729b2\" data-element_type=\"section\">\n\t\t\t\t\t\t<div class=\"elementor-container elementor-column-gap-default\">\n\t\t\t\t\t\t\t<div class=\"elementor-row\">\n\t\t\t\t\t<div class=\"elementor-column elementor-col-100 elementor-top-column elementor-element elementor-element-5a583f5\" data-id=\"5a583f5\" data-element_type=\"column\">\n\t\t\t<div class=\"elementor-column-wrap elementor-element-populated\">\n\t\t\t\t\t\t\t<div class=\"elementor-widget-wrap\">\n\t\t\t\t\t\t<section class=\"elementor-section elementor-inner-section elementor-element elementor-element-f5d0d3c elementor-section-boxed elementor-section-height-default elementor-section-height-default\" data-id=\"f5d0d3c\" data-element_type=\"section\">\n\t\t\t\t\t\t<div class=\"elementor-container elementor-column-gap-default\">\n\t\t\t\t\t\t\t<div class=\"elementor-row\">\n\t\t\t\t\t<div class=\"elementor-column elementor-col-33 elementor-inner-column elementor-element elementor-element-f6f0a13\" data-id=\"f6f0a13\" data-element_type=\"column\">\n\t\t\t<div class=\"elementor-column-wrap elementor-element-populated\">\n\t\t\t\t\t\t\t<div class=\"elementor-widget-wrap\">\n\t\t\t\t\t\t<div class=\"elementor-element elementor-element-e750efc elementor-widget elementor-widget-radiant-pricing-table\" data-id=\"e750efc\" data-element_type=\"widget\" data-widget_type=\"radiant-pricing-table.default\">\n\t\t\t\t<div class=\"elementor-widget-container\">\n\t\t\t<!-- rt-pricing-table --><div class=\"rt-pricing-table element-seven \"><div class=\"holder\"><div class=\"icon\"><img width=\"59\" height=\"60\" src=\"https:\/\/www.permyo.com\/dz\/wp-content\/uploads\/2019\/06\/pricing-icon-1.png\" class=\"attachment-full size-full\" alt=\"\" loading=\"lazy\" \/><\/div><div class=\"heading\"><h4 class=\"title\">Starter<\/h4><\/div><div class=\"pricing\"><p class=\"price\"><sup>DZD<\/sup>15 000*<sub>\/  An<\/sub><\/p><\/div><div class=\"content-list matchHeight\"><ul><li>Prestataires de services<\/li><li>Devis<\/li><li>Facturation<\/li><li>Paiement<\/li><li>Gestion des d\u00e9penses<\/li><li>\u00a0<\/li><li>\u00a0<\/li><li>\u00a0<\/li><li>1 Utilisateur<\/li><\/ul><\/div><div class=\"started\"><a class=\"btn\" href=\"https:\/\/boutiquepermyo.company.site\/Permyo-Starter-Gestion-commerciale-abonnement-annuel-p519822810\">Acheter<\/a><\/div><\/div><\/div>\r<!-- rt-pricing-table -->\r\t\t<\/div>\n\t\t\t\t<\/div>\n\t\t\t\t<div class=\"elementor-element elementor-element-bb68f5d elementor-widget elementor-widget-spacer\" data-id=\"bb68f5d\" data-element_type=\"widget\" data-widget_type=\"spacer.default\">\n\t\t\t\t<div class=\"elementor-widget-container\">\n\t\t\t\t\t<div class=\"elementor-spacer\">\n\t\t\t<div class=\"elementor-spacer-inner\"><\/div>\n\t\t<\/div>\n\t\t\t\t<\/div>\n\t\t\t\t<\/div>\n\t\t\t\t<div class=\"elementor-element elementor-element-f4831fc elementor-widget elementor-widget-text-editor\" data-id=\"f4831fc\" data-element_type=\"widget\" data-widget_type=\"text-editor.default\">\n\t\t\t\t<div class=\"elementor-widget-container\">\n\t\t\t\t\t\t\t\t<div class=\"elementor-text-editor elementor-clearfix\">\n\t\t\t\t<p><strong>*<\/strong> : Les prix affich\u00e9s sont en Hors Taxe (HT)<\/p>\t\t\t\t\t<\/div>\n\t\t\t\t\t\t<\/div>\n\t\t\t\t<\/div>\n\t\t\t\t\t\t<\/div>\n\t\t\t\t\t<\/div>\n\t\t<\/div>\n\t\t\t\t<div class=\"elementor-column elementor-col-33 elementor-inner-column elementor-element elementor-element-488002b\" data-id=\"488002b\" data-element_type=\"column\">\n\t\t\t<div class=\"elementor-column-wrap elementor-element-populated\">\n\t\t\t\t\t\t\t<div class=\"elementor-widget-wrap\">\n\t\t\t\t\t\t<div class=\"elementor-element elementor-element-c21ec2d pricing-div elementor-widget elementor-widget-radiant-pricing-table\" data-id=\"c21ec2d\" data-element_type=\"widget\" data-widget_type=\"radiant-pricing-table.default\">\n\t\t\t\t<div class=\"elementor-widget-container\">\n\t\t\t<!-- rt-pricing-table --><div class=\"rt-pricing-table element-seven spotlight\"><div class=\"holder\"><div class=\"spotlight-tag\"><p class=\"spotlight-tag-text\">Best Choice<\/p><\/div><div class=\"icon\"><img width=\"60\" height=\"58\" src=\"https:\/\/www.permyo.com\/dz\/wp-content\/uploads\/2019\/06\/pricing-icon-2.png\" class=\"attachment-full size-full\" alt=\"\" loading=\"lazy\" \/><\/div><div class=\"heading\"><h4 class=\"title\">Pro<\/h4><\/div><div class=\"pricing\"><p class=\"price\"><sup>DZD<\/sup>24 000*<sub>\/ An<\/sub><\/p><\/div><div class=\"content-list matchHeight\"><ul><li>Gestion commerciale<\/li><li>Devis<\/li><li>Facturation<\/li><li>Paiement<\/li><li>Gestion des d\u00e9penses<\/li><li>Achat<\/li><li>Stock<\/li><li>\u00a0<\/li><li>2 Utilisateurs<\/li><\/ul><\/div><div class=\"started\"><a class=\"btn\" href=\"https:\/\/boutiquepermyo.company.site\/Permyo-Pro-Gestion-commerciale-abonnement-annuel-p519820365\">Acheter<\/a><\/div><\/div><\/div>\r<!-- rt-pricing-table -->\r\t\t<\/div>\n\t\t\t\t<\/div>\n\t\t\t\t\t\t<\/div>\n\t\t\t\t\t<\/div>\n\t\t<\/div>\n\t\t\t\t<div class=\"elementor-column elementor-col-33 elementor-inner-column elementor-element elementor-element-91d2e43\" data-id=\"91d2e43\" data-element_type=\"column\">\n\t\t\t<div class=\"elementor-column-wrap elementor-element-populated\">\n\t\t\t\t\t\t\t<div class=\"elementor-widget-wrap\">\n\t\t\t\t\t\t<div class=\"elementor-element elementor-element-d41d410 elementor-widget elementor-widget-radiant-pricing-table\" data-id=\"d41d410\" data-element_type=\"widget\" data-widget_type=\"radiant-pricing-table.default\">\n\t\t\t\t<div class=\"elementor-widget-container\">\n\t\t\t<!-- rt-pricing-table --><div class=\"rt-pricing-table element-seven \"><div class=\"holder\"><div class=\"icon\"><img width=\"45\" height=\"60\" src=\"https:\/\/www.permyo.com\/dz\/wp-content\/uploads\/2019\/06\/pricing-icon-3.png\" class=\"attachment-full size-full\" alt=\"\" loading=\"lazy\" \/><\/div><div class=\"heading\"><h4 class=\"title\">Entreprise<\/h4><\/div><div class=\"pricing\"><p class=\"price\"><sup>DZD<\/sup>35 000*<sub>\/ An<\/sub><\/p><\/div><div class=\"content-list matchHeight\"><ul><li>\u00a0<\/li><li>Devis<\/li><li>Facturation<\/li><li>Paiement<\/li><li>Gestion des d\u00e9penses<\/li><li>Achat<\/li><li>Stock<\/li><li>Points de vente<\/li><li>3 Utilisateurs<\/li><\/ul><\/div><div class=\"started\"><a class=\"btn\" href=\"https:\/\/boutiquepermyo.company.site\/Permyo-Entreprise-Gestion-commerciale-abonnement-annuel-p519822849\">Acheter<\/a><\/div><\/div><\/div>\r<!-- rt-pricing-table -->\r\t\t<\/div>\n\t\t\t\t<\/div>\n\t\t\t\t\t\t<\/div>\n\t\t\t\t\t<\/div>\n\t\t<\/div>\n\t\t\t\t\t\t\t\t<\/div>\n\t\t\t\t\t<\/div>\n\t\t<\/section>\n\t\t\t\t\t\t<\/div>\n\t\t\t\t\t<\/div>\n\t\t<\/div>\n\t\t\t\t\t\t\t\t<\/div>\n\t\t\t\t\t<\/div>\n\t\t<\/section>\n\t\t\t\t\t\t\t\t\t<\/div>\n\t\t\t<\/div>\n\t\t\t\t\t<\/div>\n\t\t","protected":false},"excerpt":{"rendered":"<p>Tarifs R\u00e9volutionnez votre quotidien de gestion en basculant votre activit\u00e9 sur le web. Un plan qui correspond le mieux \u00e0 vos besoins Starter DZD15 000*\/ An Prestataires de services Devis Facturation Paiement Gestion des d\u00e9penses &nbsp; &nbsp; &nbsp; 1 Utilisateur Acheter * : Les prix affich\u00e9s sont en Hors Taxe (HT) Best Choice Pro DZD24 [&hellip;]<\/p>\n","protected":false},"author":1,"featured_media":0,"parent":0,"menu_order":0,"comment_status":"closed","ping_status":"closed","template":"elementor_header_footer","meta":{"content-type":"","_eb_attr":"","two_page_speed":[]},"_links":{"self":[{"href":"https:\/\/www.permyo.com\/dz\/wp-json\/wp\/v2\/pages\/1911"}],"collection":[{"href":"https:\/\/www.permyo.com\/dz\/wp-json\/wp\/v2\/pages"}],"about":[{"href":"https:\/\/www.permyo.com\/dz\/wp-json\/wp\/v2\/types\/page"}],"author":[{"embeddable":true,"href":"https:\/\/www.permyo.com\/dz\/wp-json\/wp\/v2\/users\/1"}],"replies":[{"embeddable":true,"href":"https:\/\/www.permyo.com\/dz\/wp-json\/wp\/v2\/comments?post=1911"}],"version-history":[{"count":201,"href":"https:\/\/www.permyo.com\/dz\/wp-json\/wp\/v2\/pages\/1911\/revisions"}],"predecessor-version":[{"id":9221,"href":"https:\/\/www.permyo.com\/dz\/wp-json\/wp\/v2\/pages\/1911\/revisions\/9221"}],"wp:attachment":[{"href":"https:\/\/www.permyo.com\/dz\/wp-json\/wp\/v2\/media?parent=1911"}],"curies":[{"name":"wp","href":"https:\/\/api.w.org\/{rel}","templated":true}]}}